{"id":437,"date":"2022-07-10T14:00:11","date_gmt":"2022-07-10T12:00:11","guid":{"rendered":"http:\/\/tagderpflege.info\/?page_id=437"},"modified":"2023-08-11T00:39:29","modified_gmt":"2023-08-10T22:39:29","slug":"datenschutz","status":"publish","type":"page","link":"https:\/\/tagderpflege.info\/?page_id=437","title":{"rendered":"Datenschutz"},"content":{"rendered":"\t\t<div data-elementor-type=\"wp-page\" data-elementor-id=\"437\" class=\"elementor elementor-437\" data-elementor-post-type=\"page\">\n\t\t\t\t<div class=\"elementor-element elementor-element-a73a441 e-flex e-con-boxed e-con e-parent\" data-id=\"a73a441\" data-element_type=\"container\" data-e-type=\"container\">\n\t\t\t\t\t<div class=\"e-con-inner\">\n\t\t\t\t<div class=\"elementor-element elementor-element-0d368fe elementor-widget elementor-widget-heading\" data-id=\"0d368fe\" data-element_type=\"widget\" data-e-type=\"widget\" data-widget_type=\"heading.default\">\n\t\t\t\t<div class=\"elementor-widget-container\">\n\t\t\t\t\t<h2 class=\"elementor-heading-title elementor-size-default\">Datenschutz<\/h2>\t\t\t\t<\/div>\n\t\t\t\t<\/div>\n\t\t\t\t\t<\/div>\n\t\t\t\t<\/div>\n\t\t<div class=\"elementor-element elementor-element-731b86d e-flex e-con-boxed e-con e-parent\" data-id=\"731b86d\" data-element_type=\"container\" data-e-type=\"container\">\n\t\t\t\t\t<div class=\"e-con-inner\">\n\t\t\t\t<div class=\"elementor-element elementor-element-de60c80 elementor-widget elementor-widget-text-editor\" data-id=\"de60c80\" data-element_type=\"widget\" data-e-type=\"widget\" data-widget_type=\"text-editor.default\">\n\t\t\t\t<div class=\"elementor-widget-container\">\n\t\t\t\t\t\t\t\t\t<p>Wir danken Ihnen f\u00fcr Ihren Besuch auf unserer Webseite und freuen uns \u00fcber Ihr Interesse an unserem Angebot. Der Schutz Ihrer pers\u00f6nlichen Daten ist uns ein ernstes Anliegen. In der Katholischen Erwachsenenbildung gelten -wie im Erzbistum M\u00fcnchen und Freising und in allen deutschen Di\u00f6zesen- f\u00fcr die Erhebung, Verarbeitung und Nutzung personenbezogener Daten die Bestimmungen des \u00a0Gesetzes \u00fcber den Kirchlichen Datenschutz\u00a0 (KDG)\u00a0\u00a0<a href=\"https:\/\/www.erzbistum-muenchen.de\/cms-media\/media-41655420.pdf\" target=\"_blank\" rel=\"noopener\">https:\/\/www.erzbistum-muenchen.de\/cms-media\/media-41655420.pdf<\/a>\u00a0 sowie die sonstigen anzuwendenden kirchlichen und staatlichen Datenschutzvorschriften.<\/p><p>Mit dieser Datenschutzerkl\u00e4rung m\u00f6chten wir Sie \u00fcber die Art, den Umfang und Zweck der Erhebung und Verwendung personenbezogener Daten auf dieser Webseite informieren.<\/p><p><b>1.\u00a0\u00a0\u00a0 Technik<\/b><\/p><p>1.1\u00a0\u00a0\u00a0 Daten erheben: Beim Aufruf unserer Webseite ist es technisch notwendig verschiedene Daten zu erheben, zu verarbeiten und zu nutzen, damit eine fehlerfreie Kommunikation zwischen Ihrem Internetbrowser (z.B.: Internet Explorer) und unserem Webserver m\u00f6glich ist. Dabei werden automatisch folgende Daten erhoben und bis zu ihrer automatisierten L\u00f6schung in einer sogenannten Log-Datei protokolliert: Datum und Uhrzeit des Zugriffs; Name der abgerufenen Datei; Menge der gesendeten Daten; Statusmeldung, ob der Abruf erfolgreich war; Webadresse der verweisenden Webseite (URL); Browsertyp und \u2013version; Betriebssystemtyp und \u2013version; IP-Adresse; Zugangsprovider<\/p><p>1.2\u00a0\u00a0\u00a0 Datenerhebung:<b><\/b>Wir erheben diese Daten in anonymisierter Form, so dass diese Daten keiner bestimmten oder bestimmbaren Person zugeordnet werden k\u00f6nnen. Dies geschieht zum Zwecke der systeminternen technischen Verarbeitung (Verbindungsaufbau), der Systemsicherheit, der technischen Administration der System- und Netzinfrastruktur sowie zur Optimierung des Internetangebotes und zu statistischen Zwecken. Wir behalten es uns jedoch vor, die Log-Datei nachtr\u00e4glich zu \u00fcberpr\u00fcfen, wenn aufgrund konkreter Anhaltspunkte der berechtigte Verdacht einer rechtswidrigen Nutzung besteht.<\/p><p>1.3\u00a0\u00a0\u00a0 SSL-Verschl\u00fcsselung:<b><\/b>Diese Seite nutzt zur Gew\u00e4hrleistung der Sicherheit der Datenverarbeitung und zum Schutz der \u00dcbertragung vertraulicher Inhalte, wie zum Beispiel Bestellungen, Login-Daten oder Kontaktanfragen, die Sie an uns als Betreiber senden, eine SSL-bzw. TLS-Verschl\u00fcsselung. Eine verschl\u00fcsselte Verbindung erkennen Sie daran, dass in der Adresszeile des Browsers statt einem &#8222;http:\/\/&#8220; ein &#8222;https:\/\/&#8220; steht und an dem Schloss-Symbol in Ihrer Browserzeile.<\/p><p>Wenn die SSL- bzw. TLS-Verschl\u00fcsselung aktiviert ist, k\u00f6nnen die Daten, die Sie an uns \u00fcbermitteln, nicht von Dritten mitgelesen werden. Weitergehende personenbezogene Daten werden nur erfasst, wenn Sie diese Angaben freiwillig, etwa im Rahmen einer Anfrage oder Registrierung, machen. F\u00fcr eine sichere \u00dcbermittlung Ihrer Eingabe sollten Sie darauf achten, dass Sie sich auf unserer verschl\u00fcsselte https-Seite befinden: einer Unterseite von\u00a0<a href=\"https:\/\/www.bildungswerk-toelz.de\/\" target=\"_blank\" rel=\"noopener\">https:\/\/www.bildungswerk-toelz.de<br \/><\/a><\/p><p>1.4 Datenverarbeitung: Wir speichern personenbezogene Daten nur so lange, wie dies zur Erf\u00fcllung der verfolgten Zwecke notwendig ist. In einigen F\u00e4llen sieht der Gesetzgeber die Aufbewahrung von personenbezogenen Daten vor. In diesen F\u00e4llen werden die Daten von uns lediglich f\u00fcr diese gesetzlichen Zwecke weiter gespeichert, aber nicht anderweitig verarbeitet und nach Ablauf der gesetzlichen Aufbewahrungsfrist gel\u00f6scht.<\/p><p><b>2.\u00a0\u00a0\u00a0 Auskunftsrecht und Datenberichtigung<\/b><\/p><p>2.1\u00a0\u00a0\u00a0 Sie haben einen gesetzlichen Anspruch auf jederzeitige, unentgeltliche Auskunft \u00fcber Ihre bei uns gespeicherten personenbezogenen Daten. Ferner steht Ihnen das Recht zu, unrichtige Daten berichtigen, sowie Daten sperren und l\u00f6schen zu lassen.<\/p><p>2.2\u00a0\u00a0\u00a0 Wenn Sie dar\u00fcber hinaus Auskunft \u00fcber Ihre personenbezogenen Daten w\u00fcnschen oder weitergehende Fragen \u00fcber die Verarbeitung oder Nutzung Ihrer uns \u00fcberlassenen personenbezogenen Daten haben, sowie eine Korrektur oder L\u00f6schung Ihrer Daten veranlassen m\u00f6chten, so wenden Sie sich bitte an die hier folgend unter &#8222;Widerspruchs- und Widerrufsrecht&#8220; angegebene Kontaktadresse.<\/p><p><b>3.\u00a0\u00a0\u00a0 Widerspruchs- und Widerrufsrecht<\/b><\/p><p>Sie haben das Recht, eine an uns erteilte Einwilligung \u2013 beispielsweise f\u00fcr den Versand unseres Newsletters an Sie \u2013 zu widerrufen. In diesem Fall werden wir die Verarbeitung und Nutzung Ihrer Daten zu diesem Zweck unverz\u00fcglich unterlassen. Einen Widerspruch oder Widerruf k\u00f6nnen Sie jederzeit ohne Angabe von Gr\u00fcnden formlos per Post, Telefax oder Email an uns \u00fcbermitteln.<\/p><p>Per Post:<\/p><p>Kreisbildungswerk Bad T\u00f6lz-Wolfratshausen e.V.<br \/>Kloster Beuerberg, K\u00f6nigsdorfer Str. 5, 82547 Eurasburg<br \/>Tel. <span aria-label=\"08179 4239890 anrufen\">08179 4239890<\/span><br \/>E-Mail:\u00a0<a title=\"\u00d6ffnet ein Fenster zum Versenden der E-Mail\">info(at)kbw-toelz-wor.de<\/a><\/p><p><b>4.\u00a0\u00a0\u00a0 Einwilligungen<\/b><\/p><p>Soweit erforderlich haben Sie uns ggf. Einwilligungen zur Erhebung, Verarbeitung und Nutzung Ihrer personenbezogener Daten erteilt. In diesem Fall haben wir Ihre Einwilligung jeweils protokolliert. Wir sind gesetzlich verpflichtet den Text der jeweiligen Einwilligung jederzeit f\u00fcr Sie abrufbar zu halten. Selbstverst\u00e4ndlich k\u00f6nnen Sie uns erteilte Einwilligungen jederzeit mit Wirkung f\u00fcr die Zukunft widerrufen. Wie Sie Ihr Widerrufsrecht aus\u00fcben k\u00f6nnen, erfahren Sie oben unter &#8222;Widerspruchs- und Widerrufsrecht&#8220;.<\/p><p><a class=\"external-link-new-window\" title=\"Link zur Newsletter-Registrierung\" href=\"https:\/\/www.bildungswerk-toelz.de\/index.php?id=102\" target=\"_blank\" rel=\"noopener\">Einwilligung f\u00fcr die Registrierung zum Newsletter.<\/a><\/p><p>Zur Anmeldung f\u00fcr den Newsletter werden die im Anmeldeprozess abgefragten Daten ben\u00f6tigt. Die Anmeldung zum Newsletter wird protokolliert. Nach der Anmeldung erhalten sie auf die angegebene Emailadresse eine Nachricht, in der Sie um die Best\u00e4tigung der Anmeldung gebeten werden (&#8222;DoubleOpt-in&#8220;). Das ist notwendig, damit sich nicht Dritte mit ihrer Emailadresse anmelden k\u00f6nnen. Sie k\u00f6nnen jederzeit Ihre Einwilligung zum Empfang des Newsletters widerrufen und somit denNewsletter abbestellen. Eine Mitteilung in Textform an die unter Ziffer 7 genannten Kontaktdaten (z.B. E-Mail, Fax, Brief) reicht hierf\u00fcr aus. Selbstverst\u00e4ndlich finden Sie auch in jedem Newsletter einen Abmelde-Link.<\/p><p><b>5.\u00a0\u00a0\u00a0 Cookies<\/b><\/p><p>5.1\u00a0\u00a0\u00a0 Unser Portal setzt kleine Textdateien ein, die auch &#8222;Cookies&#8220; genannt werden. Diese Cookies werden im Speicher Ihres Browsers abgelegt und dadurch auf Ihrem Computer gespeichert. Das Setzen von Cookies dient dem Zweck, Ihre Nutzererfahrung zu verbessern und um Ihnen bessere technische M\u00f6glichkeiten anbieten zu k\u00f6nnen. So werden Cookies bei uns eingesetzt:<\/p><p>\u00a7\u00a0 Zur technischen Sitzungssteuerung<br \/>\u00a7\u00a0 Zur Speicherung Ihrer individuellen Einstellungen<br \/>\u00a7\u00a0 Zur Erkennung Ihres Browsers<br \/>\u00a7\u00a0 Zur Bearbeitung Ihrer Veranstaltungsanmeldung<br \/>\u00a7\u00a0 Zur Registrierung und zum Login<br \/>\u00a7\u00a0 Zu statistischen Erhebungen<\/p><p>5.2\u00a0\u00a0\u00a0 Selbstverst\u00e4ndlich k\u00f6nnen Sie unsere Webseite auch ohne Cookies nutzen. Sollten Sie die Verwendung von Cookies ablehnen, so haben Sie die M\u00f6glichkeit, in ihren Browsereinstellungen das Setzen von Cookies auf Ihrem Computer zu unterbinden, oder f\u00fcr jeden Cookie einzeln gefragt zu werden, ob sie diesen zulassen m\u00f6chten. Sie haben auch die M\u00f6glichkeit, bereits gesetzte Cookies zu l\u00f6schen. Details hierzu erfragen Sie bitte bei Ihrem jeweiligen Browserhersteller. Bitte beachten Sie jedoch, dass das Blockieren von Cookies zu Funktionseinschr\u00e4nkungen unserer Angebote f\u00fchren kann.<\/p><p><b>6.\u00a0\u00a0\u00a0 Einbindung von Google-Maps und eventuell weiterer Dienste und Inhalte Dritter<\/b><\/p><p>6.1\u00a0\u00a0\u00a0 Bei der Einzeldarstellung von Veranstaltungen ist auf unserer Homepage ein Link zu Kartenmaterial von Google-Maps eingebunden. Durch die Nutzung von Google Maps k\u00f6nnen Informationen \u00fcber Ihre Benutzung dieser Website an einen Server von Google in den USA \u00fcbertragen und dort gespeichert werden. Es kann auch vorkommen, dass weitere Inhalte von &#8222;Dritt-Anbietern&#8220;, wie zum Beispiel Videos von YouTube oder Grafiken von anderen Webseiten eingebunden werden. Ihre IP-Adresse ist f\u00fcr die Darstellung von deren Inhalten erforderlich. Falls die Dritt-Anbieter die IP-Adresse z.B. f\u00fcr statistische Zwecke speichern, haben wir darauf keinen Einfluss. Mit der Nutzung der eingebundenen Dienste erkl\u00e4ren Sie,\u00a0<br \/>dass Sie mit der Bearbeitung der \u00fcber Sie erhobenen Daten durch Google bzw. der eventuell weiteren Drittanbieter einverstanden sind.<\/p><p>6.2 Statistische Auswertungen mit Matomo (Piwik)<\/p><p>Diese Website benutzt\u00a0<a title=\"Matomo\" href=\"https:\/\/matomo.org\/\" target=\"external\">Matomo<\/a>\u00a0(Piwik), eine Open-Source-Software zur Auswertung der Besucherzugriffe. Zu diesem Zweck werden &#8222;Cookies&#8220; verwendet, das sind Textdateien, die auf Ihrem Computer gespeichert werden. Die durch die Cookies erzeugten Nutzungsinformationen werden an unseren Server \u00fcbertragen und zur Webseitenoptimierung verwendet. Ihre IP-Adresse wird bei diesem Vorgang anonymisiert, so dass Sie als Nutzer f\u00fcr uns anonym bleiben. Der Server auf dem diese Daten gespeichert werden ist bei einem deutschen Anbieter und ist auch physisch in Deutschland.<\/p><p>Wenn Sie mit der Speicherung und Auswertung dieser Daten aus Ihrem Besuch nicht einverstanden sind, dann k\u00f6nnen Sie der Speicherung und Nutzung nachfolgend per Mausklick jederzeit widersprechen. In diesem Fall wird in Ihrem Browser ein sog. Opt-Out-Cookie abgelegt, was zur Folge hat, dass Piwik keinerlei Sitzungsdaten erhebt. Achtung: Wenn Sie Ihre Cookies im Browser l\u00f6schen, dann wird auch das Opt-Out-Cookie gel\u00f6scht und muss bei Bedarf von Ihnen erneut aktiviert werden.<\/p><p>6.3 Verkn\u00fcpfungen und externe Links<\/p><p>Sie finden auf unserer Webseite Verkn\u00fcpfungen zu anderen Webseiten, die von Kooperationspartnern oder anderen Institutionen gef\u00fchrt werden und von Interesse f\u00fcr Sie sein k\u00f6nnten. F\u00fcr solche Webseiten gelten die vorliegenden Richtlinien nicht und das KBW \u00fcbernimmt keine Gew\u00e4hr f\u00fcr fremde Inhalte oder eine Haftung daf\u00fcr, wie diese Webseiten mit Ihren pers\u00f6nlichen Daten verfahren. Die jeweiligen Anbieter oder Betreiber sind f\u00fcr die Inhalte der verlinkten Seite verantwortlich. Zum Zeitpunkt der Verlinkung waren keine rechtswidrigen Inhalte erkennbar. Sollten Rechtsverletzungen bekannt werden, werden wir derartige Links umgehend entfernen. Wir empfehlen Ihnen, zu Beginn des Besuchs die jeweiligen Datenschutzbestimmungen der Website zu lesen.<\/p><p><b><\/b>6.4 Social Media Facebook Plugin<br \/>Wir haben auf dieser Internetseite Komponenten des Unternehmens Facebook integriert. Facebook ist ein soziales Netzwerk.<\/p><p>Ein soziales Netzwerk ist ein im Internet betriebener sozialer Treffpunkt, eine Online-Gemeinschaft, die es den Nutzern in der Regel erm\u00f6glicht, untereinander zu kommunizieren und im virtuellen Raum zu interagieren. Ein soziales Netzwerk kann als Plattform zum Austausch von Meinungen und Erfahrungen dienen oder erm\u00f6glicht es der Internetgemeinschaft, pers\u00f6nliche oder unternehmensbezogene Informationen bereitzustellen.<\/p><p>Facebook erm\u00f6glicht den Nutzern des sozialen Netzwerkes unter anderem die Erstellung von privaten Profilen, den Upload von Fotos und eine Vernetzung \u00fcber Freundschaftsanfragen. Betreibergesellschaft von Facebook ist die Facebook, Inc., 1 Hacker Way, Menlo Park, CA 94025, USA.<\/p><p>F\u00fcr die Verarbeitung personenbezogener Daten Verantwortlicher ist, wenn eine betroffene Person au\u00dferhalb der USA oder Kanada lebt, die Facebook Ireland Ltd., 4 Grand Canal Square, Grand Canal Harbour, Dublin 2, Ireland. Durch jeden Aufruf einer der Einzelseiten dieser Internetseite, die durch uns betrieben wird und auf welcher eine Facebook-Komponente (Facebook-Plug-In) integriert wurde, wird der Internetbrowser auf Ihrem IT-System automatisch durch die jeweilige Facebook-Komponente veranlasst, eine Darstellung der entsprechenden Facebook-Komponente von Facebook herunterzuladen.<\/p><p>Eine Gesamt\u00fcbersicht \u00fcber alle Facebook-Plug-Ins kann unter\u00a0<a href=\"https:\/\/developers.facebook.com\/docs\/plugins\/?locale=de_DE\" target=\"_blank\" rel=\"noopener\">developers.facebook.com\/docs\/plugins\/<\/a>\u00a0abgerufen werden. Im Rahmen dieses technischen Verfahrens erh\u00e4lt Facebook Kenntnis dar\u00fcber, welche konkrete Unterseite unserer Internetseite durch Sie besucht wird. Sofern Sie gleichzeitig bei Facebook eingeloggt sind, erkennt Facebook mit jedem Aufruf unserer Internetseite und w\u00e4hrend der gesamten Dauer des jeweiligen Aufenthaltes auf unserer Internetseite, welche konkrete Unterseite unserer Internetseite Sie besuchen. Diese Informationen werden durch die Facebook-Komponente gesammelt und durch Facebook dem jeweiligen Facebook-Account zugeordnet. Bet\u00e4tigen Sie einen der auf unserer Internetseite integrierten Facebook-Buttons, beispielsweise den &#8222;Gef\u00e4llt mir&#8220;-Button, oder geben Sie einen Kommentar ab, ordnet Facebook diese Information Ihrem pers\u00f6nlichen Facebook-Benutzerkonto zu und speichert diese personenbezogenen Daten.<\/p><p>Facebook erh\u00e4lt \u00fcber die Facebook-Komponente immer dann eine Information dar\u00fcber, dass Sie unsere Internetseite besucht haben, wenn Sie zum Zeitpunkt des Aufrufs unserer Internetseite gleichzeitig bei Facebook eingeloggt sind; dies findet unabh\u00e4ngig davon statt, ob Sie die Facebook-Komponente anklickt haben oder nicht. Ist eine derartige \u00dcbermittlung dieser Informationen an Facebook nicht gewollt, k\u00f6nnen Sie die \u00dcbermittlung dadurch verhindern, dass sie sich vor einem Aufruf unserer Internetseite aus ihrem Facebook-Account ausloggen. Die von Facebook ver\u00f6ffentlichte Datenrichtlinie, die unter\u00a0<a href=\"https:\/\/de-de.facebook.com\/about\/privacy\/\" target=\"_blank\" rel=\"noopener\">de-de.facebook.com\/about\/privacy\/<\/a>\u00a0abrufbar ist, gibt Aufschluss \u00fcber die Erhebung, Verarbeitung und Nutzung personenbezogener Daten durch Facebook. Ferner wird dort erl\u00e4utert, welche Einstellungsm\u00f6glichkeiten Facebook zum Schutz der Privatsph\u00e4re bietet. Zudem sind unterschiedliche Applikationen erh\u00e4ltlich, die es erm\u00f6glichen, eine Daten\u00fcbermittlung an Facebook zu unterdr\u00fccken. Solche Applikationen k\u00f6nnen von Ihnen genutzt werden, um eine Daten\u00fcbermittlung an Facebook zu unterdr\u00fccken.<\/p><p><b>7.\u00a0\u00a0\u00a0 Recht auf Anrufung des Di\u00f6zesandatenschutzbeauftragten, Kontaktdaten betrieblicher Ansprechpartner<\/b><\/p><p>Der Ansprechpartner im Kath. Kreisbildungswerk Bad T\u00f6lz-Wolfratshausen e.V. zum Thema Datenschutz ist:<br \/>Kreisbildungswerk Bad T\u00f6lz-Wolfratshausen e.V.<br \/>Kloster Beuerberg, K\u00f6nigsdorfer Str. 5, 82547 Eurasburg<br \/>Tel. <span aria-label=\"08179 4239890 anrufen\">08179 4239890<\/span><br \/>E-Mail:\u00a0<a title=\"\u00d6ffnet ein Fenster zum Versenden der E-Mail\">info(at)kbw-toelz-wor.de<\/a><\/p><p>Wir m\u00f6chten Sie an dieser Stelle auf das Recht zur Anrufung des Di\u00f6zesandatenschutzbeauftragten gem\u00e4\u00df \u00a7 48 KDG hinweisen. Demnach kann sich jeder, der der Ansicht ist, dass bei Erhebung, Verarbeitung oder Nutzung von personenbezogenen Daten durch gegen Vorschriften des KDG\u00a0 oder gegen andere Datenschutzvorschriften versto\u00dfen worden ist oder ein solcher Versto\u00df bevorsteht, unmittelbar an den Di\u00f6zesandatenschutzbeauftragten wenden.<\/p><p>Die Kontaktdaten des zust\u00e4ndigen Di\u00f6zesandatenschutzbeauftragten lauten:<\/p><p>Datenschutzstelle<br \/>Jupp Joachimski<br \/>Kapellenstr. 4<br \/>80333 M\u00fcnchen<br \/>Tel. 089 \/ 2137 1796<br \/>Email:\u00a0<a>jjoachimski(at)eomuc.de<\/a><\/p><p><b>8.\u00a0\u00a0\u00a0 Partnerwebseiten<\/b><\/p><p>Diese Webseite beinhaltet unter anderem auch Links zu unseren Partnern. Wenn Sie auf einen dieser Links klicken, so werden Sie automatisch zu dem jeweiligen Partner weitergeleitet und verlassen unser Webangebot. F\u00fcr die Handhabe Ihrer Daten auf den verlinkten Partnerseiten sind ausschlie\u00dflich die jeweiligen Webseitenbetreiber verantwortlich. Wir weisen ausdr\u00fccklich darauf hin, dass diese Datenschutzerkl\u00e4rung ausschlie\u00dflich f\u00fcr dieses Portal gilt. Wir haben keinen Einfluss auf andere Anbieter und kontrollieren nicht, ob die geltenden Datenschutzbestimmungen eingehalten werden.<\/p><p><b>9.\u00a0\u00a0\u00a0 Elektronische Post (Email) \/ Kontaktaufnahme<\/b><\/p><p>Informationen, die Sie unverschl\u00fcsselt per Elektronischer Post (Email) an uns senden, k\u00f6nnen m\u00f6glicherweise auf dem \u00dcbertragungsweg von Dritten gelesen werden. Wir k\u00f6nnen in der Regel auch Ihre Identit\u00e4t nicht \u00fcberpr\u00fcfen und wissen nicht, wer wirklicher Inhaber einer Emailadresse ist. Eine rechtssichere Kommunikation durch einfache Email ist daher nicht gew\u00e4hrleistet. Wie viele Emailanbieter setzen wir Filter gegen unerw\u00fcnschte Werbung (\u201eSPAM-Filter\u201c) ein, die in einigen F\u00e4llen auch normale Emails f\u00e4lschlicherweise automatisch als unerw\u00fcnschte Werbung einordnen und l\u00f6schen. Emails, die sch\u00e4digende Programme (\u201eViren\u201c) enthalten, werden von uns automatisch gel\u00f6scht. Wenn Sie schutzw\u00fcrdige Nachrichten an uns senden wollen, empfehlen wir, die Nachricht auf konventionellem Postwege an uns zu senden. Im Falle der Kontaktaufnahme mit uns werden Ihre Daten f\u00fcr die weitere Korrespondenz gespeichert.<\/p><p><b>10.\u00a0\u00a0\u00a0 Aktualit\u00e4t und \u00c4nderung des Datenschutzerkl\u00e4rung<br \/><\/b><\/p><p>Diese Datenschutzerkl\u00e4rung hat den Stand 25.10.2019. Wir sind stets bem\u00fcht, unsere Webseite weiterzuentwickeln und neue Technologien einzusetzen. Daher kann es notwendig werden, diese Datenschutzerkl\u00e4rung zu \u00e4ndern, bzw. anzupassen. Wir behalten uns daher das Recht vor, diese Erkl\u00e4rung jederzeit mit Wirkung f\u00fcr die Zukunft zu \u00e4ndern. Bitte besuchen Sie daher diese Seite regelm\u00e4\u00dfig und lesen Sie die jeweils aktuelle Datenschutzerkl\u00e4rung von Zeit zu Zeit erneut durch.<\/p><p><b>11.\u00a0\u00a0\u00a0 Widerspruch gegen Werbe-E-Mails<br \/><\/b><\/p><p>Der Nutzung von im Rahmen der Imperessumpflicht, des Datenschutzhinweises und sonstiger auf der Webseite ver\u00f6ffentlichten Kontaktdaten wird zur \u00dcbersendung von nicht ausdr\u00fccklich angeforderter Werbung und Informationsmaterialien hiermit widersprochen. Die Betreiber der Seiten behalten sich ausdr\u00fccklich angeforderter Werbung und Informationsmateriealien hiermit widersprochen.<\/p>\t\t\t\t\t\t\t\t<\/div>\n\t\t\t\t<\/div>\n\t\t\t\t\t<\/div>\n\t\t\t\t<\/div>\n\t\t\t\t<\/div>\n\t\t","protected":false},"excerpt":{"rendered":"<p>Datenschutz Wir danken Ihnen f\u00fcr Ihren Besuch auf unserer Webseite und freuen uns \u00fcber Ihr Interesse an unserem Angebot. Der Schutz Ihrer pers\u00f6nlichen Daten ist uns ein ernstes Anliegen. In der Katholischen Erwachsenenbildung gelten -wie im Erzbistum M\u00fcnchen und Freising und in allen deutschen Di\u00f6zesen- f\u00fcr die Erhebung, Verarbeitung und Nutzung personenbezogener Daten die Bestimmungen [&hellip;]<\/p>\n","protected":false},"author":1,"featured_media":0,"parent":0,"menu_order":0,"comment_status":"closed","ping_status":"closed","template":"elementor_header_footer","meta":{"footnotes":""},"class_list":["post-437","page","type-page","status-publish","hentry"],"_links":{"self":[{"href":"https:\/\/tagderpflege.info\/index.php?rest_route=\/wp\/v2\/pages\/437","targetHints":{"allow":["GET"]}}],"collection":[{"href":"https:\/\/tagderpflege.info\/index.php?rest_route=\/wp\/v2\/pages"}],"about":[{"href":"https:\/\/tagderpflege.info\/index.php?rest_route=\/wp\/v2\/types\/page"}],"author":[{"embeddable":true,"href":"https:\/\/tagderpflege.info\/index.php?rest_route=\/wp\/v2\/users\/1"}],"replies":[{"embeddable":true,"href":"https:\/\/tagderpflege.info\/index.php?rest_route=%2Fwp%2Fv2%2Fcomments&post=437"}],"version-history":[{"count":10,"href":"https:\/\/tagderpflege.info\/index.php?rest_route=\/wp\/v2\/pages\/437\/revisions"}],"predecessor-version":[{"id":1486,"href":"https:\/\/tagderpflege.info\/index.php?rest_route=\/wp\/v2\/pages\/437\/revisions\/1486"}],"wp:attachment":[{"href":"https:\/\/tagderpflege.info\/index.php?rest_route=%2Fwp%2Fv2%2Fmedia&parent=437"}],"curies":[{"name":"wp","href":"https:\/\/api.w.org\/{rel}","templated":true}]}}